{"id":164,"date":"2016-02-16T23:15:36","date_gmt":"2016-02-16T22:15:36","guid":{"rendered":"http:\/\/ory1.st9.net\/b\/?page_id=164"},"modified":"2025-04-01T12:41:41","modified_gmt":"2025-04-01T11:41:41","slug":"proposez-un-titre","status":"publish","type":"page","link":"https:\/\/ory1.st9.net\/b\/proposez-un-titre\/","title":{"rendered":"Proposez un titre"},"content":{"rendered":"<p><!-- voir notes dans E:\/BACKUP-Cibox\/Amazon\/Radio%20ORY1\/Promos\/Journ\u00e9es%20Sp\u00e9ciales\/Q4%202024 --><\/p>\n<h1><span style=\"color: #ff0000;\">CE FORMULAIRE N&rsquo;EST PAS<\/span><\/h1>\n<h2><span style=\"color: #ff0000;\">UNE DEMANDE DE DEDICASSE IL EST FAIT POUR AJOUTER UN TITRE S&rsquo;IL N&rsquo;EST PAS ENCORE DISPONIBLE DANS LA BASE DE LA RADIO<\/span><\/h2>\n<h2><span style=\"color: #ff0000;\">ATTENTION:Cette demande peut mettre plusieurs semaines \u00e0 \u00eatre trait\u00e9e (vu la quantit\u00e9 de demandes re\u00e7ues)<\/span><\/h2>\n<p>(<a href=\"http:\/\/ory1.st9.net\/b\/proposez-vos-titres\/liste-titres-presents-radio-ory1\/\" target=\"_blank\" rel=\"noopener noreferrer\">\u00e0 v\u00e9rifier ici<\/a>)<\/p>\n<hr \/>\n<div class=\"frm_forms  with_frm_style frm_style_style-formidable\" id=\"frm_form_2_container\" >\n<form enctype=\"multipart\/form-data\" method=\"post\" class=\"frm-show-form \" id=\"form_pmeoqu\" >\n<div class=\"frm_form_fields \">\n<fieldset>\n\r\n<div class=\"frm_fields_container\">\n<input type=\"hidden\" name=\"frm_action\" value=\"create\" \/>\n<input type=\"hidden\" name=\"form_id\" value=\"2\" \/>\n<input type=\"hidden\" name=\"frm_hide_fields_2\" id=\"frm_hide_fields_2\" value=\"\" \/>\n<input type=\"hidden\" name=\"form_key\" value=\"pmeoqu\" \/>\n<input type=\"hidden\" name=\"item_meta[0]\" value=\"\" \/>\n<input type=\"hidden\" id=\"frm_submit_entry_2\" name=\"frm_submit_entry_2\" value=\"b7b0be1ad4\" \/><input type=\"hidden\" name=\"_wp_http_referer\" value=\"\/b\/wp-json\/wp\/v2\/pages\/164\" \/><div id=\"frm_field_63_container\" class=\"frm_form_field form-field  frm_required_field frm_top_container vertical_radio\">\n    <label  class=\"frm_primary_label\">Je confirme que cette chanson ne comporte pas des paroles choquantes pour mes coll\u00e8gues (vulgarit\u00e9, atteinte \u00e0 une communaut\u00e9), etc...)\n        <span class=\"frm_required\">*<\/span>\n    <\/label>\n    <div class=\"frm_opt_container\">\t\t<div class=\"frm_checkbox\" id=\"frm_checkbox_63-0\">\t\t\t<label  for=\"field_u5nxh-0\">\n\t\t\t<input type=\"checkbox\" name=\"item_meta[63][]\" id=\"field_u5nxh-0\" value=\"OUI\"  data-reqmsg=\"Ce champ doit \u00eatre rempli\" data-invmsg=\"Je confirme que cette chanson ne comporte pas des paroles choquantes pour mes coll\u00e8gues (vulgarit\u00e9, atteinte \u00e0 une communaut\u00e9), etc...) est non valide\"   aria-required=\"true\"  \/> OUI<\/label><\/div>\n<\/div>\n    \n    \n<\/div>\n<div id=\"frm_field_64_container\" class=\"frm_form_field form-field  frm_required_field frm_top_container vertical_radio\">\n    <label  class=\"frm_primary_label\">Je prends note que cette demande peut mettre plusieurs semaines \u00e0 \u00eatre trait\u00e9e (vu la quantit\u00e9 de demandes re\u00e7ues)\n        <span class=\"frm_required\">*<\/span>\n    <\/label>\n    <div class=\"frm_opt_container\">\t\t<div class=\"frm_checkbox\" id=\"frm_checkbox_64-0\">\t\t\t<label  for=\"field_l802e-0\">\n\t\t\t<input type=\"checkbox\" name=\"item_meta[64][]\" id=\"field_l802e-0\" value=\"OUI\"  data-reqmsg=\"Ce champ doit \u00eatre rempli\" data-invmsg=\"Je prends note que cette demande peut mettre plusieurs semaines \u00e0 \u00eatre trait\u00e9e (vu la quantit\u00e9 de demandes re\u00e7ues) est non valide\"   aria-required=\"true\"  \/> OUI<\/label><\/div>\n<\/div>\n    \n    \n<\/div>\n<div id=\"frm_field_8_container\" class=\"frm_form_field form-field  frm_required_field frm_top_container artiste\">\r\n    <label for=\"field_zba7no\" class=\"frm_primary_label\">Artiste\r\n        <span class=\"frm_required\">*<\/span>\r\n    <\/label>\r\n    <input type=\"text\" id=\"field_zba7no\" name=\"item_meta[8]\" value=\"\"  data-reqmsg=\"Champ obligatoire.\" aria-required=\"true\" data-invmsg=\"Artiste est non valide\" aria-invalid=\"false\"  \/>\r\n    \r\n    \r\n<\/div>\n<div id=\"frm_field_9_container\" class=\"frm_form_field form-field  frm_required_field frm_top_container titre\">\r\n    <label for=\"field_5isin6\" class=\"frm_primary_label\">Titre\r\n        <span class=\"frm_required\">*<\/span>\r\n    <\/label>\r\n    <input type=\"text\" id=\"field_5isin6\" name=\"item_meta[9]\" value=\"\"  data-reqmsg=\"Champ obligatoire.\" aria-required=\"true\" data-invmsg=\"Titre est non valide\" aria-invalid=\"false\"  \/>\r\n    \r\n    \r\n<\/div>\n<div id=\"frm_field_18_container\" class=\"frm_form_field form-field  frm_top_container lien\">\r\n    <label for=\"field_xxreg1\" class=\"frm_primary_label\">si vous avec la possibilit\u00e9 de trouver ce titre en t\u00e9l\u00e9chargement sur Amazon.fr, merci de nous coller le lien ci dessous :\r\n        <span class=\"frm_required\"><\/span>\r\n    <\/label>\r\n    <input type=\"text\" id=\"field_xxreg1\" name=\"item_meta[18]\" value=\"\"  data-invmsg=\"si vous avec la possibilit\u00e9 de trouver ce titre en t\u00e9l\u00e9chargement sur Amazon.fr, merci de nous coller le lien ci dessous : est non valide\" aria-invalid=\"false\"  \/>\r\n    \r\n    \r\n<\/div>\n<div id=\"frm_field_22_container\" class=\"frm_form_field form-field  frm_top_container vertical_radio\">\r\n    <label  class=\"frm_primary_label\">Dans quelle \u00e9quipe \u00eates vous :\r\n        <span class=\"frm_required\"><\/span>\r\n    <\/label>\r\n    <div class=\"frm_opt_container\">\t\t<div class=\"frm_radio\" id=\"frm_radio_22-0\">\t\t\t<label  for=\"field_2d9eq9-0\">\n\t\t\t\t\t<input type=\"radio\" name=\"item_meta[22]\" id=\"field_2d9eq9-0\" value=\"Team 1 (O1, I1, CR1, etc ...)\"\n\t\t data-invmsg=\"Dans quelle \u00e9quipe \u00eates vous : est non valide\"   \/> Team 1 (O1, I1, CR1, etc ...)<\/label><\/div>\n\t\t<div class=\"frm_radio\" id=\"frm_radio_22-1\">\t\t\t<label  for=\"field_2d9eq9-1\">\n\t\t\t\t\t<input type=\"radio\" name=\"item_meta[22]\" id=\"field_2d9eq9-1\" value=\"Team 2 (O2, I2, CR2, etc ...)\"\n\t\t data-invmsg=\"Dans quelle \u00e9quipe \u00eates vous : est non valide\"   \/> Team 2 (O2, I2, CR2, etc ...)<\/label><\/div>\n\t\t<div class=\"frm_radio\" id=\"frm_radio_22-2\">\t\t\t<label  for=\"field_2d9eq9-2\">\n\t\t\t\t\t<input type=\"radio\" name=\"item_meta[22]\" id=\"field_2d9eq9-2\" value=\"Team SD\"\n\t\t data-invmsg=\"Dans quelle \u00e9quipe \u00eates vous : est non valide\"   \/> Team SD<\/label><\/div>\n\t\t<div class=\"frm_radio\" id=\"frm_radio_22-3\">\t\t\t<label  for=\"field_2d9eq9-3\">\n\t\t\t\t\t<input type=\"radio\" name=\"item_meta[22]\" id=\"field_2d9eq9-3\" value=\"Team Night\"\n\t\t data-invmsg=\"Dans quelle \u00e9quipe \u00eates vous : est non valide\"   \/> Team Night<\/label><\/div>\n<\/div>\r\n    \r\n    \r\n<\/div>\n<div id=\"frm_field_32_container\" class=\"frm_form_field form-field  frm_required_field frm_top_container\">\r\n    <label for=\"field_cnm8s\" class=\"frm_primary_label\">Comment puis je vous contacter (t\u00e9l, mail, FB ...)\r\n        <span class=\"frm_required\">*<\/span>\r\n    <\/label>\r\n    <input type=\"text\" id=\"field_cnm8s\" name=\"item_meta[32]\" value=\"\"  data-reqmsg=\"Champ obligatoire.\" aria-required=\"true\" data-invmsg=\"Comment puis je vous contacter (t\u00e9l, mail, FB ...) est non valide\" aria-invalid=\"false\"  \/>\r\n    \r\n    \r\n<\/div>\n<div id=\"frm_field_23_container\" class=\"frm_form_field form-field  frm_top_container\">\r\n    <label for=\"field_s0oi5s\" class=\"frm_primary_label\">Laissez moi un petit message pour savoir ce que vous pensez de cette radio :\r\n        <span class=\"frm_required\"><\/span>\r\n    <\/label>\r\n    <textarea name=\"item_meta[23]\" id=\"field_s0oi5s\" rows=\"5\"  data-invmsg=\"Laissez moi un petit message pour savoir ce que vous pensez de cette radio : est non valide\" aria-invalid=\"false\"  ><\/textarea>\r\n    \r\n    \r\n<\/div>\n<div id=\"frm_field_38_container\" class=\"frm_form_field form-field  frm_top_container\">\r\n    <label for=\"g-recaptcha-response\" class=\"frm_primary_label\">CAPTCHA\r\n        <span class=\"frm_required\"><\/span>\r\n    <\/label>\r\n    <div  id=\"field_o0nt0\" class=\"frm-g-recaptcha\" data-sitekey=\"6LekvAQTAAAAAKHLT2Y87AQYsHz3barEWFIbpkh7\" data-size=\"normal\" data-theme=\"light\"><\/div>\r\n    \r\n    \r\n<\/div>\n<div id=\"frm_field_85_container\" class=\"frm_form_field form-field \">\n\t<div class=\"frm_submit\">\r\n\r\n<input type=\"submit\" value=\"Envoyer\"  \/>\r\n<img decoding=\"async\" class=\"frm_ajax_loading\" src=\"https:\/\/ory1.st9.net\/b\/wp-content\/plugins\/formidable\/images\/ajax_loader.gif\" alt=\"Envoi\"\/>\r\n\r\n<\/div>\n<\/div>\n\t<input type=\"hidden\" name=\"item_key\" value=\"\" \/>\n\t\t\t<div id=\"frm_field_86_container\">\n\t\t\t<label for=\"field_ljtmi\" >\n\t\t\t\tSi vous \u00eates un humain, ne remplissez pas ce champ.\t\t\t<\/label>\n\t\t\t<input  id=\"field_ljtmi\" type=\"text\" class=\"frm_form_field form-field frm_verify\" name=\"item_meta[86]\" value=\"\"  \/>\n\t\t<\/div>\n\t\t<input name=\"frm_state\" type=\"hidden\" value=\"7dUPWJzgJbAIVsiXjqyRE\/4mFz3DNGbQYnjfjRXy3Ik=\" \/><\/div>\n<\/fieldset>\n<\/div>\n\n<p style=\"display: none !important;\" class=\"akismet-fields-container\" data-prefix=\"ak_\"><label>&#916;<textarea name=\"ak_hp_textarea\" cols=\"45\" rows=\"8\" maxlength=\"100\"><\/textarea><\/label><input type=\"hidden\" id=\"ak_js_1\" name=\"ak_js\" value=\"238\"\/><script type=\"text\/javascript\">\n\/* <![CDATA[ *\/\ndocument.getElementById( \"ak_js_1\" ).setAttribute( \"value\", ( new Date() ).getTime() );\n\/* ]]> *\/\n<\/script>\n<\/p><\/form>\n<\/div>\n\n<h2><\/h2>\n<p><a href=\"http:\/\/www.amazon.fr\/T%C3%A9l%C3%A9charger-Musique-mp3\/b\/ref=nav_shopall_mp3_str?ie=UTF8&amp;node=77196031\" target=\"_blank\" rel=\"noopener noreferrer\">Afin de nous aider dans notre recherche vous pouvez nos laisser des liens vers ces titres : <img loading=\"lazy\" decoding=\"async\" class=\" wp-image-53 alignnone\" src=\"http:\/\/ory1.st9.net\/b\/wp-content\/uploads\/2015\/04\/Amazon-MP3-Logo-300x213.png\" alt=\"Amazon-MP3-Logo\" width=\"68\" height=\"48\" srcset=\"https:\/\/ory1.st9.net\/b\/wp-content\/uploads\/2015\/04\/Amazon-MP3-Logo-300x213.png 300w, https:\/\/ory1.st9.net\/b\/wp-content\/uploads\/2015\/04\/Amazon-MP3-Logo.png 650w\" sizes=\"auto, (max-width: 68px) 100vw, 68px\" \/><\/a><\/p>\n","protected":false},"excerpt":{"rendered":"<p>CE FORMULAIRE N&rsquo;EST PAS UNE DEMANDE DE DEDICASSE IL EST FAIT POUR AJOUTER UN TITRE S&rsquo;IL N&rsquo;EST PAS ENCORE DISPONIBLE DANS LA BASE DE LA RADIO ATTENTION:Cette demande peut mettre plusieurs semaines \u00e0 \u00eatre trait\u00e9e (vu la quantit\u00e9 de demandes re\u00e7ues) (\u00e0 v\u00e9rifier ici) Afin de nous aider dans notre recherche vous pouvez nos laisser [&hellip;]<\/p>\n","protected":false},"author":1,"featured_media":0,"parent":0,"menu_order":0,"comment_status":"open","ping_status":"open","template":"","meta":{"footnotes":""},"class_list":["post-164","page","type-page","status-publish","hentry"],"yoast_head":"<!-- This site is optimized with the Yoast SEO plugin v24.5 - https:\/\/yoast.com\/wordpress\/plugins\/seo\/ -->\n<title>Proposez un titre - Radio ORY1<\/title>\n<meta name=\"robots\" content=\"index, follow, max-snippet:-1, max-image-preview:large, max-video-preview:-1\" \/>\n<link rel=\"canonical\" href=\"https:\/\/ory1.st9.net\/b\/proposez-un-titre\/\" \/>\n<meta property=\"og:locale\" content=\"fr_FR\" \/>\n<meta property=\"og:type\" content=\"article\" \/>\n<meta property=\"og:title\" content=\"Proposez un titre - Radio ORY1\" \/>\n<meta property=\"og:description\" content=\"CE FORMULAIRE N&rsquo;EST PAS UNE DEMANDE DE DEDICASSE IL EST FAIT POUR AJOUTER UN TITRE S&rsquo;IL N&rsquo;EST PAS ENCORE DISPONIBLE DANS LA BASE DE LA RADIO ATTENTION:Cette demande peut mettre plusieurs semaines \u00e0 \u00eatre trait\u00e9e (vu la quantit\u00e9 de demandes re\u00e7ues) (\u00e0 v\u00e9rifier ici) Afin de nous aider dans notre recherche vous pouvez nos laisser [&hellip;]\" \/>\n<meta property=\"og:url\" content=\"https:\/\/ory1.st9.net\/b\/proposez-un-titre\/\" \/>\n<meta property=\"og:site_name\" content=\"Radio ORY1\" \/>\n<meta property=\"article:modified_time\" content=\"2025-04-01T11:41:41+00:00\" \/>\n<meta property=\"og:image\" content=\"https:\/\/ory1.st9.net\/b\/wp-content\/uploads\/2015\/04\/Amazon-MP3-Logo.png\" \/>\n\t<meta property=\"og:image:width\" content=\"650\" \/>\n\t<meta property=\"og:image:height\" content=\"461\" \/>\n\t<meta property=\"og:image:type\" content=\"image\/png\" \/>\n<meta name=\"twitter:card\" content=\"summary_large_image\" \/>\n<meta name=\"twitter:label1\" content=\"Dur\u00e9e de lecture estim\u00e9e\" \/>\n\t<meta name=\"twitter:data1\" content=\"1 minute\" \/>\n<script type=\"application\/ld+json\" class=\"yoast-schema-graph\">{\"@context\":\"https:\/\/schema.org\",\"@graph\":[{\"@type\":\"WebPage\",\"@id\":\"https:\/\/ory1.st9.net\/b\/proposez-un-titre\/\",\"url\":\"https:\/\/ory1.st9.net\/b\/proposez-un-titre\/\",\"name\":\"Proposez un titre - Radio ORY1\",\"isPartOf\":{\"@id\":\"http:\/\/ory1.st9.net\/b\/#website\"},\"primaryImageOfPage\":{\"@id\":\"https:\/\/ory1.st9.net\/b\/proposez-un-titre\/#primaryimage\"},\"image\":{\"@id\":\"https:\/\/ory1.st9.net\/b\/proposez-un-titre\/#primaryimage\"},\"thumbnailUrl\":\"http:\/\/ory1.st9.net\/b\/wp-content\/uploads\/2015\/04\/Amazon-MP3-Logo-300x213.png\",\"datePublished\":\"2016-02-16T22:15:36+00:00\",\"dateModified\":\"2025-04-01T11:41:41+00:00\",\"breadcrumb\":{\"@id\":\"https:\/\/ory1.st9.net\/b\/proposez-un-titre\/#breadcrumb\"},\"inLanguage\":\"fr-FR\",\"potentialAction\":[{\"@type\":\"ReadAction\",\"target\":[\"https:\/\/ory1.st9.net\/b\/proposez-un-titre\/\"]}]},{\"@type\":\"ImageObject\",\"inLanguage\":\"fr-FR\",\"@id\":\"https:\/\/ory1.st9.net\/b\/proposez-un-titre\/#primaryimage\",\"url\":\"https:\/\/ory1.st9.net\/b\/wp-content\/uploads\/2015\/04\/Amazon-MP3-Logo.png\",\"contentUrl\":\"https:\/\/ory1.st9.net\/b\/wp-content\/uploads\/2015\/04\/Amazon-MP3-Logo.png\",\"width\":650,\"height\":461},{\"@type\":\"BreadcrumbList\",\"@id\":\"https:\/\/ory1.st9.net\/b\/proposez-un-titre\/#breadcrumb\",\"itemListElement\":[{\"@type\":\"ListItem\",\"position\":1,\"name\":\"Accueil\",\"item\":\"http:\/\/ory1.st9.net\/b\/\"},{\"@type\":\"ListItem\",\"position\":2,\"name\":\"Proposez un titre\"}]},{\"@type\":\"WebSite\",\"@id\":\"http:\/\/ory1.st9.net\/b\/#website\",\"url\":\"http:\/\/ory1.st9.net\/b\/\",\"name\":\"Radio ORY1\",\"description\":\"Gardez le sourire !\",\"potentialAction\":[{\"@type\":\"SearchAction\",\"target\":{\"@type\":\"EntryPoint\",\"urlTemplate\":\"http:\/\/ory1.st9.net\/b\/?s={search_term_string}\"},\"query-input\":{\"@type\":\"PropertyValueSpecification\",\"valueRequired\":true,\"valueName\":\"search_term_string\"}}],\"inLanguage\":\"fr-FR\"}]}<\/script>\n<!-- \/ Yoast SEO plugin. -->","yoast_head_json":{"title":"Proposez un titre - Radio ORY1","robots":{"index":"index","follow":"follow","max-snippet":"max-snippet:-1","max-image-preview":"max-image-preview:large","max-video-preview":"max-video-preview:-1"},"canonical":"https:\/\/ory1.st9.net\/b\/proposez-un-titre\/","og_locale":"fr_FR","og_type":"article","og_title":"Proposez un titre - Radio ORY1","og_description":"CE FORMULAIRE N&rsquo;EST PAS UNE DEMANDE DE DEDICASSE IL EST FAIT POUR AJOUTER UN TITRE S&rsquo;IL N&rsquo;EST PAS ENCORE DISPONIBLE DANS LA BASE DE LA RADIO ATTENTION:Cette demande peut mettre plusieurs semaines \u00e0 \u00eatre trait\u00e9e (vu la quantit\u00e9 de demandes re\u00e7ues) (\u00e0 v\u00e9rifier ici) Afin de nous aider dans notre recherche vous pouvez nos laisser [&hellip;]","og_url":"https:\/\/ory1.st9.net\/b\/proposez-un-titre\/","og_site_name":"Radio ORY1","article_modified_time":"2025-04-01T11:41:41+00:00","og_image":[{"width":650,"height":461,"url":"https:\/\/ory1.st9.net\/b\/wp-content\/uploads\/2015\/04\/Amazon-MP3-Logo.png","type":"image\/png"}],"twitter_card":"summary_large_image","twitter_misc":{"Dur\u00e9e de lecture estim\u00e9e":"1 minute"},"schema":{"@context":"https:\/\/schema.org","@graph":[{"@type":"WebPage","@id":"https:\/\/ory1.st9.net\/b\/proposez-un-titre\/","url":"https:\/\/ory1.st9.net\/b\/proposez-un-titre\/","name":"Proposez un titre - Radio ORY1","isPartOf":{"@id":"http:\/\/ory1.st9.net\/b\/#website"},"primaryImageOfPage":{"@id":"https:\/\/ory1.st9.net\/b\/proposez-un-titre\/#primaryimage"},"image":{"@id":"https:\/\/ory1.st9.net\/b\/proposez-un-titre\/#primaryimage"},"thumbnailUrl":"http:\/\/ory1.st9.net\/b\/wp-content\/uploads\/2015\/04\/Amazon-MP3-Logo-300x213.png","datePublished":"2016-02-16T22:15:36+00:00","dateModified":"2025-04-01T11:41:41+00:00","breadcrumb":{"@id":"https:\/\/ory1.st9.net\/b\/proposez-un-titre\/#breadcrumb"},"inLanguage":"fr-FR","potentialAction":[{"@type":"ReadAction","target":["https:\/\/ory1.st9.net\/b\/proposez-un-titre\/"]}]},{"@type":"ImageObject","inLanguage":"fr-FR","@id":"https:\/\/ory1.st9.net\/b\/proposez-un-titre\/#primaryimage","url":"https:\/\/ory1.st9.net\/b\/wp-content\/uploads\/2015\/04\/Amazon-MP3-Logo.png","contentUrl":"https:\/\/ory1.st9.net\/b\/wp-content\/uploads\/2015\/04\/Amazon-MP3-Logo.png","width":650,"height":461},{"@type":"BreadcrumbList","@id":"https:\/\/ory1.st9.net\/b\/proposez-un-titre\/#breadcrumb","itemListElement":[{"@type":"ListItem","position":1,"name":"Accueil","item":"http:\/\/ory1.st9.net\/b\/"},{"@type":"ListItem","position":2,"name":"Proposez un titre"}]},{"@type":"WebSite","@id":"http:\/\/ory1.st9.net\/b\/#website","url":"http:\/\/ory1.st9.net\/b\/","name":"Radio ORY1","description":"Gardez le sourire !","potentialAction":[{"@type":"SearchAction","target":{"@type":"EntryPoint","urlTemplate":"http:\/\/ory1.st9.net\/b\/?s={search_term_string}"},"query-input":{"@type":"PropertyValueSpecification","valueRequired":true,"valueName":"search_term_string"}}],"inLanguage":"fr-FR"}]}},"_links":{"self":[{"href":"https:\/\/ory1.st9.net\/b\/wp-json\/wp\/v2\/pages\/164","targetHints":{"allow":["GET"]}}],"collection":[{"href":"https:\/\/ory1.st9.net\/b\/wp-json\/wp\/v2\/pages"}],"about":[{"href":"https:\/\/ory1.st9.net\/b\/wp-json\/wp\/v2\/types\/page"}],"author":[{"embeddable":true,"href":"https:\/\/ory1.st9.net\/b\/wp-json\/wp\/v2\/users\/1"}],"replies":[{"embeddable":true,"href":"https:\/\/ory1.st9.net\/b\/wp-json\/wp\/v2\/comments?post=164"}],"version-history":[{"count":50,"href":"https:\/\/ory1.st9.net\/b\/wp-json\/wp\/v2\/pages\/164\/revisions"}],"predecessor-version":[{"id":575,"href":"https:\/\/ory1.st9.net\/b\/wp-json\/wp\/v2\/pages\/164\/revisions\/575"}],"wp:attachment":[{"href":"https:\/\/ory1.st9.net\/b\/wp-json\/wp\/v2\/media?parent=164"}],"curies":[{"name":"wp","href":"https:\/\/api.w.org\/{rel}","templated":true}]}}